{"id":1231,"date":"2025-02-25T17:53:31","date_gmt":"2025-02-25T17:53:31","guid":{"rendered":"https:\/\/adviva.com.br\/viva\/?page_id=1231"},"modified":"2025-11-27T17:51:03","modified_gmt":"2025-11-27T20:51:03","slug":"departamento-viva-familia","status":"publish","type":"page","link":"https:\/\/adviva.com.br\/viva\/departamento-viva-familia\/","title":{"rendered":"Departamento Viva Fam\u00edlia"},"content":{"rendered":"\t\t<div data-elementor-type=\"wp-page\" data-elementor-id=\"1231\" class=\"elementor elementor-1231\" data-elementor-post-type=\"page\">\n\t\t\t\t<div class=\"elementor-element elementor-element-2aa50c59 e-flex e-con-boxed e-con e-parent\" data-id=\"2aa50c59\" data-element_type=\"container\" data-settings=\"{&quot;background_background&quot;:&quot;classic&quot;}\">\n\t\t\t\t\t<div class=\"e-con-inner\">\n\t\t\t\t<div class=\"elementor-element elementor-element-dca8115 elementor-widget elementor-widget-image\" data-id=\"dca8115\" data-element_type=\"widget\" data-widget_type=\"image.default\">\n\t\t\t\t<div class=\"elementor-widget-container\">\n\t\t\t\t\t\t\t\t\t\t\t\t\t\t\t<img fetchpriority=\"high\" decoding=\"async\" width=\"2525\" height=\"1894\" src=\"https:\/\/adviva.com.br\/viva\/wp-content\/uploads\/2025\/02\/Logo-dos-Departamentos_Viva-Familia.png\" class=\"attachment-full size-full wp-image-1277\" alt=\"\" srcset=\"https:\/\/adviva.com.br\/viva\/wp-content\/uploads\/2025\/02\/Logo-dos-Departamentos_Viva-Familia.png 2525w, https:\/\/adviva.com.br\/viva\/wp-content\/uploads\/2025\/02\/Logo-dos-Departamentos_Viva-Familia-300x225.png 300w, https:\/\/adviva.com.br\/viva\/wp-content\/uploads\/2025\/02\/Logo-dos-Departamentos_Viva-Familia-1024x768.png 1024w, https:\/\/adviva.com.br\/viva\/wp-content\/uploads\/2025\/02\/Logo-dos-Departamentos_Viva-Familia-768x576.png 768w, https:\/\/adviva.com.br\/viva\/wp-content\/uploads\/2025\/02\/Logo-dos-Departamentos_Viva-Familia-1536x1152.png 1536w, https:\/\/adviva.com.br\/viva\/wp-content\/uploads\/2025\/02\/Logo-dos-Departamentos_Viva-Familia-2048x1536.png 2048w\" sizes=\"(max-width: 2525px) 100vw, 2525px\" \/>\t\t\t\t\t\t\t\t\t\t\t\t\t\t\t<\/div>\n\t\t\t\t<\/div>\n\t\t<div class=\"elementor-element elementor-element-48b8df41 e-flex e-con-boxed e-con e-child\" data-id=\"48b8df41\" data-element_type=\"container\">\n\t\t\t\t\t<div class=\"e-con-inner\">\n\t\t\t\t<div class=\"elementor-element elementor-element-babcd8f elementor-invisible elementor-widget elementor-widget-heading\" data-id=\"babcd8f\" data-element_type=\"widget\" data-settings=\"{&quot;_animation&quot;:&quot;fadeInUp&quot;,&quot;_animation_delay&quot;:200}\" data-widget_type=\"heading.default\">\n\t\t\t\t<div class=\"elementor-widget-container\">\n\t\t\t\t\t<h4 class=\"elementor-heading-title elementor-size-default\">Lares fortes, igreja viva.\n<div><\/div><\/h4>\t\t\t\t<\/div>\n\t\t\t\t<\/div>\n\t\t\t\t\t<\/div>\n\t\t\t\t<\/div>\n\t\t\t\t\t<\/div>\n\t\t\t\t<\/div>\n\t\t<div class=\"elementor-element elementor-element-4066e09 e-flex e-con-boxed e-con e-parent\" data-id=\"4066e09\" data-element_type=\"container\">\n\t\t\t\t\t<div class=\"e-con-inner\">\n\t\t<div class=\"elementor-element elementor-element-596c8191 e-grid e-con-boxed e-con e-child\" data-id=\"596c8191\" data-element_type=\"container\" data-settings=\"{&quot;background_background&quot;:&quot;classic&quot;}\">\n\t\t\t\t\t<div class=\"e-con-inner\">\n\t\t<div class=\"elementor-element elementor-element-5a50b75d e-con-full e-flex elementor-invisible e-con e-child\" data-id=\"5a50b75d\" data-element_type=\"container\" data-settings=\"{&quot;background_background&quot;:&quot;classic&quot;,&quot;animation&quot;:&quot;fadeInLeft&quot;}\">\n\t\t\t\t<div class=\"elementor-element elementor-element-17956e32 elementor-widget elementor-widget-image\" data-id=\"17956e32\" data-element_type=\"widget\" data-widget_type=\"image.default\">\n\t\t\t\t<div class=\"elementor-widget-container\">\n\t\t\t\t\t\t\t\t\t\t\t\t\t\t\t<img decoding=\"async\" width=\"900\" height=\"720\" src=\"https:\/\/adviva.com.br\/viva\/wp-content\/uploads\/2025\/06\/0Z5A8939.png\" class=\"attachment-full size-full wp-image-1585\" alt=\"\" srcset=\"https:\/\/adviva.com.br\/viva\/wp-content\/uploads\/2025\/06\/0Z5A8939.png 900w, https:\/\/adviva.com.br\/viva\/wp-content\/uploads\/2025\/06\/0Z5A8939-300x240.png 300w, https:\/\/adviva.com.br\/viva\/wp-content\/uploads\/2025\/06\/0Z5A8939-768x614.png 768w\" sizes=\"(max-width: 900px) 100vw, 900px\" \/>\t\t\t\t\t\t\t\t\t\t\t\t\t\t\t<\/div>\n\t\t\t\t<\/div>\n\t\t<div class=\"elementor-element elementor-element-69b8298 e-flex e-con-boxed e-con e-child\" data-id=\"69b8298\" data-element_type=\"container\">\n\t\t\t\t\t<div class=\"e-con-inner\">\n\t\t\t\t<div class=\"elementor-element elementor-element-2eee610e elementor-widget elementor-widget-icon-box\" data-id=\"2eee610e\" data-element_type=\"widget\" data-widget_type=\"icon-box.default\">\n\t\t\t\t<div class=\"elementor-widget-container\">\n\t\t\t\t\t\t\t<div class=\"elementor-icon-box-wrapper\">\n\n\t\t\t\n\t\t\t\t\t\t<div class=\"elementor-icon-box-content\">\n\n\t\t\t\t\t\t\t\t\t<div class=\"elementor-icon-box-title\">\n\t\t\t\t\t\t<span  >\n\t\t\t\t\t\t\tDc. Anderson e Dca. Ludmila\t\t\t\t\t\t<\/span>\n\t\t\t\t\t<\/div>\n\t\t\t\t\n\t\t\t\t\t\t\t\t\t<p class=\"elementor-icon-box-description\">\n\t\t\t\t\t\tPrimeiros L\u00edderes\t\t\t\t\t<\/p>\n\t\t\t\t\n\t\t\t<\/div>\n\t\t\t\n\t\t<\/div>\n\t\t\t\t\t\t<\/div>\n\t\t\t\t<\/div>\n\t\t\t\t\t<\/div>\n\t\t\t\t<\/div>\n\t\t\t\t<\/div>\n\t\t<div class=\"elementor-element elementor-element-01b1559 e-con-full e-flex elementor-invisible e-con e-child\" data-id=\"01b1559\" data-element_type=\"container\" data-settings=\"{&quot;background_background&quot;:&quot;classic&quot;,&quot;animation&quot;:&quot;fadeInLeft&quot;}\">\n\t\t\t\t<div class=\"elementor-element elementor-element-726375f elementor-widget elementor-widget-image\" data-id=\"726375f\" data-element_type=\"widget\" data-widget_type=\"image.default\">\n\t\t\t\t<div class=\"elementor-widget-container\">\n\t\t\t\t\t\t\t\t\t\t\t\t\t\t\t<img decoding=\"async\" width=\"900\" height=\"720\" src=\"https:\/\/adviva.com.br\/viva\/wp-content\/uploads\/2025\/06\/IMG_8904.png\" class=\"attachment-full size-full wp-image-1587\" alt=\"\" srcset=\"https:\/\/adviva.com.br\/viva\/wp-content\/uploads\/2025\/06\/IMG_8904.png 900w, https:\/\/adviva.com.br\/viva\/wp-content\/uploads\/2025\/06\/IMG_8904-300x240.png 300w, https:\/\/adviva.com.br\/viva\/wp-content\/uploads\/2025\/06\/IMG_8904-768x614.png 768w\" sizes=\"(max-width: 900px) 100vw, 900px\" \/>\t\t\t\t\t\t\t\t\t\t\t\t\t\t\t<\/div>\n\t\t\t\t<\/div>\n\t\t<div class=\"elementor-element elementor-element-35ebdc4 e-flex e-con-boxed e-con e-child\" data-id=\"35ebdc4\" data-element_type=\"container\">\n\t\t\t\t\t<div class=\"e-con-inner\">\n\t\t\t\t<div class=\"elementor-element elementor-element-60df992 elementor-widget elementor-widget-icon-box\" data-id=\"60df992\" data-element_type=\"widget\" data-widget_type=\"icon-box.default\">\n\t\t\t\t<div class=\"elementor-widget-container\">\n\t\t\t\t\t\t\t<div class=\"elementor-icon-box-wrapper\">\n\n\t\t\t\n\t\t\t\t\t\t<div class=\"elementor-icon-box-content\">\n\n\t\t\t\t\t\t\t\t\t<div class=\"elementor-icon-box-title\">\n\t\t\t\t\t\t<span  >\n\t\t\t\t\t\t\tPb. Marcus Vinicius e Dca Karolyne\t\t\t\t\t\t<\/span>\n\t\t\t\t\t<\/div>\n\t\t\t\t\n\t\t\t\t\t\t\t\t\t<p class=\"elementor-icon-box-description\">\n\t\t\t\t\t\tSegundos L\u00edderes\t\t\t\t\t<\/p>\n\t\t\t\t\n\t\t\t<\/div>\n\t\t\t\n\t\t<\/div>\n\t\t\t\t\t\t<\/div>\n\t\t\t\t<\/div>\n\t\t\t\t\t<\/div>\n\t\t\t\t<\/div>\n\t\t\t\t<\/div>\n\t\t\t\t\t<\/div>\n\t\t\t\t<\/div>\n\t\t\t\t\t<\/div>\n\t\t\t\t<\/div>\n\t\t<div class=\"elementor-element elementor-element-1fe8b6a7 e-flex e-con-boxed e-con e-parent\" data-id=\"1fe8b6a7\" data-element_type=\"container\" data-settings=\"{&quot;background_background&quot;:&quot;classic&quot;}\">\n\t\t\t\t\t<div class=\"e-con-inner\">\n\t\t<div class=\"elementor-element elementor-element-1b36c13d e-con-full e-flex elementor-invisible e-con e-child\" data-id=\"1b36c13d\" data-element_type=\"container\" data-settings=\"{&quot;animation&quot;:&quot;fadeInLeft&quot;}\">\n\t\t\t\t<div class=\"elementor-element elementor-element-9287ec9 elementor-widget elementor-widget-heading\" data-id=\"9287ec9\" data-element_type=\"widget\" data-widget_type=\"heading.default\">\n\t\t\t\t<div class=\"elementor-widget-container\">\n\t\t\t\t\t<h2 class=\"elementor-heading-title elementor-size-default\">Sobre o departamento<\/h2>\t\t\t\t<\/div>\n\t\t\t\t<\/div>\n\t\t\t\t<div class=\"elementor-element elementor-element-3e3a409c elementor-widget elementor-widget-text-editor\" data-id=\"3e3a409c\" data-element_type=\"widget\" data-widget_type=\"text-editor.default\">\n\t\t\t\t<div class=\"elementor-widget-container\">\n\t\t\t\t\t\t\t\t\t<p>O Viva Fam\u00edlia existe para fortalecer os lares segundo os princ\u00edpios da Palavra de Deus. Acreditamos que quando a fam\u00edlia est\u00e1 alicer\u00e7ada em Cristo, tudo ao redor \u00e9 transformado, a igreja, a comunidade e as futuras gera\u00e7\u00f5es.<\/p><p>Nosso prop\u00f3sito \u00e9 cuidar, ensinar e caminhar junto com casais, pais, filhos e todos os que fazem parte dessa grande miss\u00e3o chamada lar. Por meio de encontros, aconselhamentos, eventos e ministra\u00e7\u00f5es, trabalhamos para que cada fam\u00edlia viva em unidade, amor e prop\u00f3sito.<\/p><p>Seja qual for a sua realidade familiar, voc\u00ea \u00e9 bem-vindo. Aqui, voc\u00ea encontrar\u00e1 apoio, dire\u00e7\u00e3o e uma igreja que ora e cr\u00ea com voc\u00ea.<br \/>Viva o prop\u00f3sito de Deus para sua casa. Viva Fam\u00edlia.<\/p>\t\t\t\t\t\t\t\t<\/div>\n\t\t\t\t<\/div>\n\t\t\t\t<\/div>\n\t\t<div class=\"elementor-element elementor-element-51995752 e-con-full e-flex elementor-invisible e-con e-child\" data-id=\"51995752\" data-element_type=\"container\" data-settings=\"{&quot;animation&quot;:&quot;fadeInRight&quot;}\">\n\t\t\t\t<div class=\"elementor-element elementor-element-399d12e elementor-widget elementor-widget-heading\" data-id=\"399d12e\" data-element_type=\"widget\" data-widget_type=\"heading.default\">\n\t\t\t\t<div class=\"elementor-widget-container\">\n\t\t\t\t\t<h2 class=\"elementor-heading-title elementor-size-default\">Falar com a lideran\u00e7a<\/h2>\t\t\t\t<\/div>\n\t\t\t\t<\/div>\n\t\t\t\t<div class=\"elementor-element elementor-element-ca4a9dc elementor-button-align-stretch elementor-widget elementor-widget-form\" data-id=\"ca4a9dc\" data-element_type=\"widget\" data-settings=\"{&quot;step_next_label&quot;:&quot;Next&quot;,&quot;step_previous_label&quot;:&quot;Previous&quot;,&quot;button_width&quot;:&quot;100&quot;,&quot;step_type&quot;:&quot;number_text&quot;,&quot;step_icon_shape&quot;:&quot;circle&quot;}\" data-widget_type=\"form.default\">\n\t\t\t\t<div class=\"elementor-widget-container\">\n\t\t\t\t\t\t\t<form class=\"elementor-form\" method=\"post\" name=\"New Form\" aria-label=\"New Form\">\n\t\t\t<input type=\"hidden\" name=\"post_id\" value=\"1231\"\/>\n\t\t\t<input type=\"hidden\" name=\"form_id\" value=\"ca4a9dc\"\/>\n\t\t\t<input type=\"hidden\" name=\"referer_title\" value=\"Igreja AD VIVA\" \/>\n\n\t\t\t\n\t\t\t<div class=\"elementor-form-fields-wrapper elementor-labels-above\">\n\t\t\t\t\t\t\t\t<div class=\"elementor-field-type-text elementor-field-group elementor-column elementor-field-group-name elementor-col-100\">\n\t\t\t\t\t\t\t\t\t\t\t\t<label for=\"form-field-name\" class=\"elementor-field-label\">\n\t\t\t\t\t\t\t\tNome\t\t\t\t\t\t\t<\/label>\n\t\t\t\t\t\t\t\t\t\t\t\t\t\t<input size=\"1\" type=\"text\" name=\"form_fields[name]\" id=\"form-field-name\" class=\"elementor-field elementor-size-sm  elementor-field-textual\" placeholder=\"Digite aqui\">\n\t\t\t\t\t\t\t\t\t\t\t<\/div>\n\t\t\t\t\t\t\t\t<div class=\"elementor-field-type-email elementor-field-group elementor-column elementor-field-group-email elementor-col-100 elementor-field-required\">\n\t\t\t\t\t\t\t\t\t\t\t\t<label for=\"form-field-email\" class=\"elementor-field-label\">\n\t\t\t\t\t\t\t\tEmail\t\t\t\t\t\t\t<\/label>\n\t\t\t\t\t\t\t\t\t\t\t\t\t\t<input size=\"1\" type=\"email\" name=\"form_fields[email]\" id=\"form-field-email\" class=\"elementor-field elementor-size-sm  elementor-field-textual\" placeholder=\"Digite aqui\" required=\"required\">\n\t\t\t\t\t\t\t\t\t\t\t<\/div>\n\t\t\t\t\t\t\t\t<div class=\"elementor-field-type-textarea elementor-field-group elementor-column elementor-field-group-message elementor-col-100\">\n\t\t\t\t\t\t\t\t\t\t\t\t<label for=\"form-field-message\" class=\"elementor-field-label\">\n\t\t\t\t\t\t\t\tMensagem\t\t\t\t\t\t\t<\/label>\n\t\t\t\t\t\t<textarea class=\"elementor-field-textual elementor-field  elementor-size-sm\" name=\"form_fields[message]\" id=\"form-field-message\" rows=\"4\" placeholder=\"Digite aqui\"><\/textarea>\t\t\t\t<\/div>\n\t\t\t\t\t\t\t\t<div class=\"elementor-field-group elementor-column elementor-field-type-submit elementor-col-100 e-form__buttons\">\n\t\t\t\t\t<button class=\"elementor-button elementor-size-sm\" type=\"submit\">\n\t\t\t\t\t\t<span class=\"elementor-button-content-wrapper\">\n\t\t\t\t\t\t\t\t\t\t\t\t\t\t\t\t\t\t\t\t\t\t<span class=\"elementor-button-text\">Enviar<\/span>\n\t\t\t\t\t\t\t\t\t\t\t\t\t<\/span>\n\t\t\t\t\t<\/button>\n\t\t\t\t<\/div>\n\t\t\t<\/div>\n\t\t<\/form>\n\t\t\t\t\t\t<\/div>\n\t\t\t\t<\/div>\n\t\t\t\t<\/div>\n\t\t\t\t\t<\/div>\n\t\t\t\t<\/div>\n\t\t<div class=\"elementor-element elementor-element-35a6b885 e-flex e-con-boxed e-con e-parent\" data-id=\"35a6b885\" data-element_type=\"container\" data-settings=\"{&quot;background_background&quot;:&quot;classic&quot;}\">\n\t\t\t\t\t<div class=\"e-con-inner\">\n\t\t<div class=\"elementor-element elementor-element-14c97a1c e-con-full e-grid elementor-invisible e-con e-child\" data-id=\"14c97a1c\" data-element_type=\"container\" data-settings=\"{&quot;animation&quot;:&quot;fadeIn&quot;,&quot;animation_delay&quot;:200}\">\n\t\t\t\t<div class=\"elementor-element elementor-element-991f82 elementor-position-left elementor-view-default elementor-mobile-position-top elementor-vertical-align-top elementor-widget elementor-widget-icon-box\" data-id=\"991f82\" data-element_type=\"widget\" data-widget_type=\"icon-box.default\">\n\t\t\t\t<div class=\"elementor-widget-container\">\n\t\t\t\t\t\t\t<div class=\"elementor-icon-box-wrapper\">\n\n\t\t\t\t\t\t<div class=\"elementor-icon-box-icon\">\n\t\t\t\t<a href=\"https:\/\/wa.me\/5561981404238?text=Paz%20do%20Senhor!\" class=\"elementor-icon\" tabindex=\"-1\" aria-label=\"WhatsApp\">\n\t\t\t\t<i aria-hidden=\"true\" class=\"icon icon-whatsapp-2\"><\/i>\t\t\t\t<\/a>\n\t\t\t<\/div>\n\t\t\t\n\t\t\t\t\t\t<div class=\"elementor-icon-box-content\">\n\n\t\t\t\t\t\t\t\t\t<div class=\"elementor-icon-box-title\">\n\t\t\t\t\t\t<a href=\"https:\/\/wa.me\/5561981404238?text=Paz%20do%20Senhor!\" >\n\t\t\t\t\t\t\tWhatsApp\t\t\t\t\t\t<\/a>\n\t\t\t\t\t<\/div>\n\t\t\t\t\n\t\t\t\t\t\t\t\t\t<p class=\"elementor-icon-box-description\">\n\t\t\t\t\t\tReceba informa\u00e7\u00f5es de nosso contato\t\t\t\t\t<\/p>\n\t\t\t\t\n\t\t\t<\/div>\n\t\t\t\n\t\t<\/div>\n\t\t\t\t\t\t<\/div>\n\t\t\t\t<\/div>\n\t\t\t\t<\/div>\n\t\t\t\t\t<\/div>\n\t\t\t\t<\/div>\n\t\t\t\t<\/div>\n\t\t","protected":false},"excerpt":{"rendered":"<p>Lares fortes, igreja viva. Dc. Anderson e Dca. Ludmila Primeiros L\u00edderes Pb. Marcus Vinicius e Dca Karolyne Segundos L\u00edderes Sobre [&hellip;]<\/p>\n","protected":false},"author":1,"featured_media":1878,"parent":0,"menu_order":0,"comment_status":"closed","ping_status":"closed","template":"","meta":{"_acf_changed":false,"site-sidebar-layout":"no-sidebar","site-content-layout":"","ast-site-content-layout":"full-width-container","site-content-style":"default","site-sidebar-style":"default","ast-global-header-display":"","ast-banner-title-visibility":"","ast-main-header-display":"","ast-hfb-above-header-display":"","ast-hfb-below-header-display":"","ast-hfb-mobile-header-display":"","site-post-title":"disabled","ast-breadcrumbs-content":"","ast-featured-img":"disabled","footer-sml-layout":"","theme-transparent-header-meta":"","adv-header-id-meta":"","stick-header-meta":"","header-above-stick-meta":"","header-main-stick-meta":"","header-below-stick-meta":"","astra-migrate-meta-layouts":"default","ast-page-background-enabled":"default","ast-page-background-meta":{"desktop":{"background-color":"var(--ast-global-color-4)","background-image":"","background-repeat":"repeat","background-position":"center center","background-size":"auto","background-attachment":"scroll","background-type":"","background-media":"","overlay-type":"","overlay-color":"","overlay-opacity":"","overlay-gradient":""},"tablet":{"background-color":"","background-image":"","background-repeat":"repeat","background-position":"center center","background-size":"auto","background-attachment":"scroll","background-type":"","background-media":"","overlay-type":"","overlay-color":"","overlay-opacity":"","overlay-gradient":""},"mobile":{"background-color":"","background-image":"","background-repeat":"repeat","background-position":"center center","background-size":"auto","background-attachment":"scroll","background-type":"","background-media":"","overlay-type":"","overlay-color":"","overlay-opacity":"","overlay-gradient":""}},"ast-content-background-meta":{"desktop":{"background-color":"var(--ast-global-color-5)","background-image":"","background-repeat":"repeat","background-position":"center center","background-size":"auto","background-attachment":"scroll","background-type":"","background-media":"","overlay-type":"","overlay-color":"","overlay-opacity":"","overlay-gradient":""},"tablet":{"background-color":"var(--ast-global-color-5)","background-image":"","background-repeat":"repeat","background-position":"center center","background-size":"auto","background-attachment":"scroll","background-type":"","background-media":"","overlay-type":"","overlay-color":"","overlay-opacity":"","overlay-gradient":""},"mobile":{"background-color":"var(--ast-global-color-5)","background-image":"","background-repeat":"repeat","background-position":"center center","background-size":"auto","background-attachment":"scroll","background-type":"","background-media":"","overlay-type":"","overlay-color":"","overlay-opacity":"","overlay-gradient":""}},"footnotes":""},"class_list":["post-1231","page","type-page","status-publish","has-post-thumbnail","hentry"],"acf":[],"yoast_head":"<!-- This site is optimized with the Yoast SEO plugin v25.3.1 - https:\/\/yoast.com\/wordpress\/plugins\/seo\/ -->\n<title>Departamento Viva Fam\u00edlia - Igreja AD VIVA<\/title>\n<meta name=\"robots\" content=\"index, follow, max-snippet:-1, max-image-preview:large, max-video-preview:-1\" \/>\n<link rel=\"canonical\" href=\"https:\/\/adviva.com.br\/viva\/departamento-viva-familia\/\" \/>\n<meta property=\"og:locale\" content=\"pt_BR\" \/>\n<meta property=\"og:type\" content=\"article\" \/>\n<meta property=\"og:title\" content=\"Departamento Viva Fam\u00edlia - Igreja AD VIVA\" \/>\n<meta property=\"og:description\" content=\"Lares fortes, igreja viva. Dc. Anderson e Dca. Ludmila Primeiros L\u00edderes Pb. Marcus Vinicius e Dca Karolyne Segundos L\u00edderes Sobre [&hellip;]\" \/>\n<meta property=\"og:url\" content=\"https:\/\/adviva.com.br\/viva\/departamento-viva-familia\/\" \/>\n<meta property=\"og:site_name\" content=\"Igreja AD VIVA\" \/>\n<meta property=\"article:modified_time\" content=\"2025-11-27T20:51:03+00:00\" \/>\n<meta property=\"og:image\" content=\"https:\/\/adviva.com.br\/viva\/wp-content\/uploads\/2025\/07\/Sem-titulo-1-02.png\" \/>\n\t<meta property=\"og:image:width\" content=\"1920\" \/>\n\t<meta property=\"og:image:height\" content=\"1080\" \/>\n\t<meta property=\"og:image:type\" content=\"image\/png\" \/>\n<meta name=\"twitter:card\" content=\"summary_large_image\" \/>\n<meta name=\"twitter:label1\" content=\"Est. tempo de leitura\" \/>\n\t<meta name=\"twitter:data1\" content=\"2 minutos\" \/>\n<script type=\"application\/ld+json\" class=\"yoast-schema-graph\">{\"@context\":\"https:\/\/schema.org\",\"@graph\":[{\"@type\":\"WebPage\",\"@id\":\"https:\/\/adviva.com.br\/viva\/departamento-viva-familia\/\",\"url\":\"https:\/\/adviva.com.br\/viva\/departamento-viva-familia\/\",\"name\":\"Departamento Viva Fam\u00edlia - Igreja AD VIVA\",\"isPartOf\":{\"@id\":\"https:\/\/adviva.com.br\/viva\/#website\"},\"primaryImageOfPage\":{\"@id\":\"https:\/\/adviva.com.br\/viva\/departamento-viva-familia\/#primaryimage\"},\"image\":{\"@id\":\"https:\/\/adviva.com.br\/viva\/departamento-viva-familia\/#primaryimage\"},\"thumbnailUrl\":\"https:\/\/adviva.com.br\/viva\/wp-content\/uploads\/2025\/07\/Sem-titulo-1-02.png\",\"datePublished\":\"2025-02-25T17:53:31+00:00\",\"dateModified\":\"2025-11-27T20:51:03+00:00\",\"breadcrumb\":{\"@id\":\"https:\/\/adviva.com.br\/viva\/departamento-viva-familia\/#breadcrumb\"},\"inLanguage\":\"pt-BR\",\"potentialAction\":[{\"@type\":\"ReadAction\",\"target\":[\"https:\/\/adviva.com.br\/viva\/departamento-viva-familia\/\"]}]},{\"@type\":\"ImageObject\",\"inLanguage\":\"pt-BR\",\"@id\":\"https:\/\/adviva.com.br\/viva\/departamento-viva-familia\/#primaryimage\",\"url\":\"https:\/\/adviva.com.br\/viva\/wp-content\/uploads\/2025\/07\/Sem-titulo-1-02.png\",\"contentUrl\":\"https:\/\/adviva.com.br\/viva\/wp-content\/uploads\/2025\/07\/Sem-titulo-1-02.png\",\"width\":1920,\"height\":1080},{\"@type\":\"BreadcrumbList\",\"@id\":\"https:\/\/adviva.com.br\/viva\/departamento-viva-familia\/#breadcrumb\",\"itemListElement\":[{\"@type\":\"ListItem\",\"position\":1,\"name\":\"In\u00edcio\",\"item\":\"https:\/\/adviva.com.br\/viva\/\"},{\"@type\":\"ListItem\",\"position\":2,\"name\":\"Departamento Viva Fam\u00edlia\"}]},{\"@type\":\"WebSite\",\"@id\":\"https:\/\/adviva.com.br\/viva\/#website\",\"url\":\"https:\/\/adviva.com.br\/viva\/\",\"name\":\"Igreja AD VIVA\",\"description\":\"Bem-vindo a sua casa\",\"publisher\":{\"@id\":\"https:\/\/adviva.com.br\/viva\/#organization\"},\"potentialAction\":[{\"@type\":\"SearchAction\",\"target\":{\"@type\":\"EntryPoint\",\"urlTemplate\":\"https:\/\/adviva.com.br\/viva\/?s={search_term_string}\"},\"query-input\":{\"@type\":\"PropertyValueSpecification\",\"valueRequired\":true,\"valueName\":\"search_term_string\"}}],\"inLanguage\":\"pt-BR\"},{\"@type\":\"Organization\",\"@id\":\"https:\/\/adviva.com.br\/viva\/#organization\",\"name\":\"Igreja AD VIVA\",\"url\":\"https:\/\/adviva.com.br\/viva\/\",\"logo\":{\"@type\":\"ImageObject\",\"inLanguage\":\"pt-BR\",\"@id\":\"https:\/\/adviva.com.br\/viva\/#\/schema\/logo\/image\/\",\"url\":\"https:\/\/adviva.com.br\/viva\/wp-content\/uploads\/2024\/04\/Logo-site-branca.png\",\"contentUrl\":\"https:\/\/adviva.com.br\/viva\/wp-content\/uploads\/2024\/04\/Logo-site-branca.png\",\"width\":327,\"height\":290,\"caption\":\"Igreja AD VIVA\"},\"image\":{\"@id\":\"https:\/\/adviva.com.br\/viva\/#\/schema\/logo\/image\/\"}}]}<\/script>\n<!-- \/ Yoast SEO plugin. -->","yoast_head_json":{"title":"Departamento Viva Fam\u00edlia - Igreja AD VIVA","robots":{"index":"index","follow":"follow","max-snippet":"max-snippet:-1","max-image-preview":"max-image-preview:large","max-video-preview":"max-video-preview:-1"},"canonical":"https:\/\/adviva.com.br\/viva\/departamento-viva-familia\/","og_locale":"pt_BR","og_type":"article","og_title":"Departamento Viva Fam\u00edlia - Igreja AD VIVA","og_description":"Lares fortes, igreja viva. Dc. Anderson e Dca. Ludmila Primeiros L\u00edderes Pb. Marcus Vinicius e Dca Karolyne Segundos L\u00edderes Sobre [&hellip;]","og_url":"https:\/\/adviva.com.br\/viva\/departamento-viva-familia\/","og_site_name":"Igreja AD VIVA","article_modified_time":"2025-11-27T20:51:03+00:00","og_image":[{"width":1920,"height":1080,"url":"https:\/\/adviva.com.br\/viva\/wp-content\/uploads\/2025\/07\/Sem-titulo-1-02.png","type":"image\/png"}],"twitter_card":"summary_large_image","twitter_misc":{"Est. tempo de leitura":"2 minutos"},"schema":{"@context":"https:\/\/schema.org","@graph":[{"@type":"WebPage","@id":"https:\/\/adviva.com.br\/viva\/departamento-viva-familia\/","url":"https:\/\/adviva.com.br\/viva\/departamento-viva-familia\/","name":"Departamento Viva Fam\u00edlia - Igreja AD VIVA","isPartOf":{"@id":"https:\/\/adviva.com.br\/viva\/#website"},"primaryImageOfPage":{"@id":"https:\/\/adviva.com.br\/viva\/departamento-viva-familia\/#primaryimage"},"image":{"@id":"https:\/\/adviva.com.br\/viva\/departamento-viva-familia\/#primaryimage"},"thumbnailUrl":"https:\/\/adviva.com.br\/viva\/wp-content\/uploads\/2025\/07\/Sem-titulo-1-02.png","datePublished":"2025-02-25T17:53:31+00:00","dateModified":"2025-11-27T20:51:03+00:00","breadcrumb":{"@id":"https:\/\/adviva.com.br\/viva\/departamento-viva-familia\/#breadcrumb"},"inLanguage":"pt-BR","potentialAction":[{"@type":"ReadAction","target":["https:\/\/adviva.com.br\/viva\/departamento-viva-familia\/"]}]},{"@type":"ImageObject","inLanguage":"pt-BR","@id":"https:\/\/adviva.com.br\/viva\/departamento-viva-familia\/#primaryimage","url":"https:\/\/adviva.com.br\/viva\/wp-content\/uploads\/2025\/07\/Sem-titulo-1-02.png","contentUrl":"https:\/\/adviva.com.br\/viva\/wp-content\/uploads\/2025\/07\/Sem-titulo-1-02.png","width":1920,"height":1080},{"@type":"BreadcrumbList","@id":"https:\/\/adviva.com.br\/viva\/departamento-viva-familia\/#breadcrumb","itemListElement":[{"@type":"ListItem","position":1,"name":"In\u00edcio","item":"https:\/\/adviva.com.br\/viva\/"},{"@type":"ListItem","position":2,"name":"Departamento Viva Fam\u00edlia"}]},{"@type":"WebSite","@id":"https:\/\/adviva.com.br\/viva\/#website","url":"https:\/\/adviva.com.br\/viva\/","name":"Igreja AD VIVA","description":"Bem-vindo a sua casa","publisher":{"@id":"https:\/\/adviva.com.br\/viva\/#organization"},"potentialAction":[{"@type":"SearchAction","target":{"@type":"EntryPoint","urlTemplate":"https:\/\/adviva.com.br\/viva\/?s={search_term_string}"},"query-input":{"@type":"PropertyValueSpecification","valueRequired":true,"valueName":"search_term_string"}}],"inLanguage":"pt-BR"},{"@type":"Organization","@id":"https:\/\/adviva.com.br\/viva\/#organization","name":"Igreja AD VIVA","url":"https:\/\/adviva.com.br\/viva\/","logo":{"@type":"ImageObject","inLanguage":"pt-BR","@id":"https:\/\/adviva.com.br\/viva\/#\/schema\/logo\/image\/","url":"https:\/\/adviva.com.br\/viva\/wp-content\/uploads\/2024\/04\/Logo-site-branca.png","contentUrl":"https:\/\/adviva.com.br\/viva\/wp-content\/uploads\/2024\/04\/Logo-site-branca.png","width":327,"height":290,"caption":"Igreja AD VIVA"},"image":{"@id":"https:\/\/adviva.com.br\/viva\/#\/schema\/logo\/image\/"}}]}},"_links":{"self":[{"href":"https:\/\/adviva.com.br\/viva\/wp-json\/wp\/v2\/pages\/1231","targetHints":{"allow":["GET"]}}],"collection":[{"href":"https:\/\/adviva.com.br\/viva\/wp-json\/wp\/v2\/pages"}],"about":[{"href":"https:\/\/adviva.com.br\/viva\/wp-json\/wp\/v2\/types\/page"}],"author":[{"embeddable":true,"href":"https:\/\/adviva.com.br\/viva\/wp-json\/wp\/v2\/users\/1"}],"replies":[{"embeddable":true,"href":"https:\/\/adviva.com.br\/viva\/wp-json\/wp\/v2\/comments?post=1231"}],"version-history":[{"count":22,"href":"https:\/\/adviva.com.br\/viva\/wp-json\/wp\/v2\/pages\/1231\/revisions"}],"predecessor-version":[{"id":2903,"href":"https:\/\/adviva.com.br\/viva\/wp-json\/wp\/v2\/pages\/1231\/revisions\/2903"}],"wp:featuredmedia":[{"embeddable":true,"href":"https:\/\/adviva.com.br\/viva\/wp-json\/wp\/v2\/media\/1878"}],"wp:attachment":[{"href":"https:\/\/adviva.com.br\/viva\/wp-json\/wp\/v2\/media?parent=1231"}],"curies":[{"name":"wp","href":"https:\/\/api.w.org\/{rel}","templated":true}]}}