{"id":891,"date":"2024-04-12T21:48:03","date_gmt":"2024-04-12T21:48:03","guid":{"rendered":"https:\/\/adviva.com.br\/viva\/?page_id=891"},"modified":"2025-11-25T10:31:23","modified_gmt":"2025-11-25T13:31:23","slug":"agenda","status":"publish","type":"page","link":"https:\/\/adviva.com.br\/viva\/agenda\/","title":{"rendered":"Agenda"},"content":{"rendered":"\t\t<div data-elementor-type=\"wp-page\" data-elementor-id=\"891\" class=\"elementor elementor-891\" data-elementor-post-type=\"page\">\n\t\t\t\t<div class=\"elementor-element elementor-element-87a23a6 e-flex e-con-boxed e-con e-parent\" data-id=\"87a23a6\" data-element_type=\"container\" data-settings=\"{&quot;background_background&quot;:&quot;classic&quot;}\">\n\t\t\t\t\t<div class=\"e-con-inner\">\n\t\t<div class=\"elementor-element elementor-element-7a6d665 e-flex e-con-boxed e-con e-child\" data-id=\"7a6d665\" data-element_type=\"container\">\n\t\t\t\t\t<div class=\"e-con-inner\">\n\t\t\t\t<div class=\"elementor-element elementor-element-fd99420 elementor-invisible elementor-widget elementor-widget-heading\" data-id=\"fd99420\" data-element_type=\"widget\" data-settings=\"{&quot;_animation&quot;:&quot;fadeInUp&quot;}\" data-widget_type=\"heading.default\">\n\t\t\t\t<div class=\"elementor-widget-container\">\n\t\t\t\t\t<h1 class=\"elementor-heading-title elementor-size-default\">Agenda da semana<\/h1>\t\t\t\t<\/div>\n\t\t\t\t<\/div>\n\t\t\t\t\t<\/div>\n\t\t\t\t<\/div>\n\t\t\t\t\t<\/div>\n\t\t\t\t<\/div>\n\t\t<div class=\"elementor-element elementor-element-3222c2c e-grid e-con-full elementor-invisible e-con e-child\" data-id=\"3222c2c\" data-element_type=\"container\" data-settings=\"{&quot;animation&quot;:&quot;fadeIn&quot;,&quot;animation_delay&quot;:200,&quot;background_background&quot;:&quot;classic&quot;}\">\n\t\t\t\t<div class=\"elementor-element elementor-element-4fa166cc elementor-widget elementor-widget-heading\" data-id=\"4fa166cc\" data-element_type=\"widget\" data-widget_type=\"heading.default\">\n\t\t\t\t<div class=\"elementor-widget-container\">\n\t\t\t\t\t<h2 class=\"elementor-heading-title elementor-size-default\">24 A 30 DE NOVEMBRO<\/h2>\t\t\t\t<\/div>\n\t\t\t\t<\/div>\n\t\t\t\t<div class=\"elementor-element elementor-element-35f8dd38 elementor-widget elementor-widget-image-box\" data-id=\"35f8dd38\" data-element_type=\"widget\" data-widget_type=\"image-box.default\">\n\t\t\t\t<div class=\"elementor-widget-container\">\n\t\t\t\t\t<div class=\"elementor-image-box-wrapper\"><div class=\"elementor-image-box-content\"><h3 class=\"elementor-image-box-title\">SEGUNDA A SEXTA<\/h3><p class=\"elementor-image-box-description\">ORA\u00c7\u00c3O - 08H<\/p><\/div><\/div>\t\t\t\t<\/div>\n\t\t\t\t<\/div>\n\t\t\t\t<div class=\"elementor-element elementor-element-1e01656 elementor-widget elementor-widget-image-box\" data-id=\"1e01656\" data-element_type=\"widget\" data-widget_type=\"image-box.default\">\n\t\t\t\t<div class=\"elementor-widget-container\">\n\t\t\t\t\t<div class=\"elementor-image-box-wrapper\"><div class=\"elementor-image-box-content\"><h3 class=\"elementor-image-box-title\">QUARTA-FEIRA<\/h3><p class=\"elementor-image-box-description\">WORKSHOP: LIDERAN\u00c7A - 19H30<\/p><\/div><\/div>\t\t\t\t<\/div>\n\t\t\t\t<\/div>\n\t\t\t\t<div class=\"elementor-element elementor-element-311ee33d elementor-widget elementor-widget-image-box\" data-id=\"311ee33d\" data-element_type=\"widget\" data-widget_type=\"image-box.default\">\n\t\t\t\t<div class=\"elementor-widget-container\">\n\t\t\t\t\t<div class=\"elementor-image-box-wrapper\"><div class=\"elementor-image-box-content\"><h3 class=\"elementor-image-box-title\">DOMINGO<\/h3><p class=\"elementor-image-box-description\">CAF\u00c9 DA COMUNH\u00c3O - 08h <br>\nE.B.D - 08h50 <br>\nCULTO DA FAM\u00cdLIA - 18H<\/p><\/div><\/div>\t\t\t\t<\/div>\n\t\t\t\t<\/div>\n\t\t\t\t<\/div>\n\t\t\t\t<\/div>\n\t\t","protected":false},"excerpt":{"rendered":"<p>Agenda da semana 24 A 30 DE NOVEMBRO SEGUNDA A SEXTA ORA\u00c7\u00c3O &#8211; 08H QUARTA-FEIRA WORKSHOP: LIDERAN\u00c7A &#8211; 19H30 DOMINGO [&hellip;]<\/p>\n","protected":false},"author":1,"featured_media":0,"parent":0,"menu_order":0,"comment_status":"closed","ping_status":"closed","template":"","meta":{"_acf_changed":false,"site-sidebar-layout":"no-sidebar","site-content-layout":"","ast-site-content-layout":"full-width-container","site-content-style":"default","site-sidebar-style":"default","ast-global-header-display":"","ast-banner-title-visibility":"","ast-main-header-display":"","ast-hfb-above-header-display":"","ast-hfb-below-header-display":"","ast-hfb-mobile-header-display":"","site-post-title":"disabled","ast-breadcrumbs-content":"","ast-featured-img":"disabled","footer-sml-layout":"","theme-transparent-header-meta":"","adv-header-id-meta":"","stick-header-meta":"","header-above-stick-meta":"","header-main-stick-meta":"","header-below-stick-meta":"","astra-migrate-meta-layouts":"default","ast-page-background-enabled":"default","ast-page-background-meta":{"desktop":{"background-color":"var(--ast-global-color-4)","background-image":"","background-repeat":"repeat","background-position":"center center","background-size":"auto","background-attachment":"scroll","background-type":"","background-media":"","overlay-type":"","overlay-color":"","overlay-opacity":"","overlay-gradient":""},"tablet":{"background-color":"","background-image":"","background-repeat":"repeat","background-position":"center center","background-size":"auto","background-attachment":"scroll","background-type":"","background-media":"","overlay-type":"","overlay-color":"","overlay-opacity":"","overlay-gradient":""},"mobile":{"background-color":"","background-image":"","background-repeat":"repeat","background-position":"center center","background-size":"auto","background-attachment":"scroll","background-type":"","background-media":"","overlay-type":"","overlay-color":"","overlay-opacity":"","overlay-gradient":""}},"ast-content-background-meta":{"desktop":{"background-color":"var(--ast-global-color-5)","background-image":"","background-repeat":"repeat","background-position":"center center","background-size":"auto","background-attachment":"scroll","background-type":"","background-media":"","overlay-type":"","overlay-color":"","overlay-opacity":"","overlay-gradient":""},"tablet":{"background-color":"var(--ast-global-color-5)","background-image":"","background-repeat":"repeat","background-position":"center center","background-size":"auto","background-attachment":"scroll","background-type":"","background-media":"","overlay-type":"","overlay-color":"","overlay-opacity":"","overlay-gradient":""},"mobile":{"background-color":"var(--ast-global-color-5)","background-image":"","background-repeat":"repeat","background-position":"center center","background-size":"auto","background-attachment":"scroll","background-type":"","background-media":"","overlay-type":"","overlay-color":"","overlay-opacity":"","overlay-gradient":""}},"footnotes":""},"class_list":["post-891","page","type-page","status-publish","hentry"],"acf":[],"yoast_head":"<!-- This site is optimized with the Yoast SEO plugin v25.3.1 - https:\/\/yoast.com\/wordpress\/plugins\/seo\/ -->\n<title>Agenda - Igreja AD VIVA<\/title>\n<meta name=\"robots\" content=\"index, follow, max-snippet:-1, max-image-preview:large, max-video-preview:-1\" \/>\n<link rel=\"canonical\" href=\"https:\/\/adviva.com.br\/viva\/agenda\/\" \/>\n<meta property=\"og:locale\" content=\"pt_BR\" \/>\n<meta property=\"og:type\" content=\"article\" \/>\n<meta property=\"og:title\" content=\"Agenda - Igreja AD VIVA\" \/>\n<meta property=\"og:description\" content=\"Agenda da semana 24 A 30 DE NOVEMBRO SEGUNDA A SEXTA ORA\u00c7\u00c3O &#8211; 08H QUARTA-FEIRA WORKSHOP: LIDERAN\u00c7A &#8211; 19H30 DOMINGO [&hellip;]\" \/>\n<meta property=\"og:url\" content=\"https:\/\/adviva.com.br\/viva\/agenda\/\" \/>\n<meta property=\"og:site_name\" content=\"Igreja AD VIVA\" \/>\n<meta property=\"article:modified_time\" content=\"2025-11-25T13:31:23+00:00\" \/>\n<meta name=\"twitter:card\" content=\"summary_large_image\" \/>\n<meta name=\"twitter:label1\" content=\"Est. tempo de leitura\" \/>\n\t<meta name=\"twitter:data1\" content=\"1 minuto\" \/>\n<script type=\"application\/ld+json\" class=\"yoast-schema-graph\">{\"@context\":\"https:\/\/schema.org\",\"@graph\":[{\"@type\":\"WebPage\",\"@id\":\"https:\/\/adviva.com.br\/viva\/agenda\/\",\"url\":\"https:\/\/adviva.com.br\/viva\/agenda\/\",\"name\":\"Agenda - Igreja AD VIVA\",\"isPartOf\":{\"@id\":\"https:\/\/adviva.com.br\/viva\/#website\"},\"datePublished\":\"2024-04-12T21:48:03+00:00\",\"dateModified\":\"2025-11-25T13:31:23+00:00\",\"breadcrumb\":{\"@id\":\"https:\/\/adviva.com.br\/viva\/agenda\/#breadcrumb\"},\"inLanguage\":\"pt-BR\",\"potentialAction\":[{\"@type\":\"ReadAction\",\"target\":[\"https:\/\/adviva.com.br\/viva\/agenda\/\"]}]},{\"@type\":\"BreadcrumbList\",\"@id\":\"https:\/\/adviva.com.br\/viva\/agenda\/#breadcrumb\",\"itemListElement\":[{\"@type\":\"ListItem\",\"position\":1,\"name\":\"In\u00edcio\",\"item\":\"https:\/\/adviva.com.br\/viva\/\"},{\"@type\":\"ListItem\",\"position\":2,\"name\":\"Agenda\"}]},{\"@type\":\"WebSite\",\"@id\":\"https:\/\/adviva.com.br\/viva\/#website\",\"url\":\"https:\/\/adviva.com.br\/viva\/\",\"name\":\"Igreja AD VIVA\",\"description\":\"Bem-vindo a sua casa\",\"publisher\":{\"@id\":\"https:\/\/adviva.com.br\/viva\/#organization\"},\"potentialAction\":[{\"@type\":\"SearchAction\",\"target\":{\"@type\":\"EntryPoint\",\"urlTemplate\":\"https:\/\/adviva.com.br\/viva\/?s={search_term_string}\"},\"query-input\":{\"@type\":\"PropertyValueSpecification\",\"valueRequired\":true,\"valueName\":\"search_term_string\"}}],\"inLanguage\":\"pt-BR\"},{\"@type\":\"Organization\",\"@id\":\"https:\/\/adviva.com.br\/viva\/#organization\",\"name\":\"Igreja AD VIVA\",\"url\":\"https:\/\/adviva.com.br\/viva\/\",\"logo\":{\"@type\":\"ImageObject\",\"inLanguage\":\"pt-BR\",\"@id\":\"https:\/\/adviva.com.br\/viva\/#\/schema\/logo\/image\/\",\"url\":\"https:\/\/adviva.com.br\/viva\/wp-content\/uploads\/2024\/04\/Logo-site-branca.png\",\"contentUrl\":\"https:\/\/adviva.com.br\/viva\/wp-content\/uploads\/2024\/04\/Logo-site-branca.png\",\"width\":327,\"height\":290,\"caption\":\"Igreja AD VIVA\"},\"image\":{\"@id\":\"https:\/\/adviva.com.br\/viva\/#\/schema\/logo\/image\/\"}}]}<\/script>\n<!-- \/ Yoast SEO plugin. -->","yoast_head_json":{"title":"Agenda - Igreja AD VIVA","robots":{"index":"index","follow":"follow","max-snippet":"max-snippet:-1","max-image-preview":"max-image-preview:large","max-video-preview":"max-video-preview:-1"},"canonical":"https:\/\/adviva.com.br\/viva\/agenda\/","og_locale":"pt_BR","og_type":"article","og_title":"Agenda - Igreja AD VIVA","og_description":"Agenda da semana 24 A 30 DE NOVEMBRO SEGUNDA A SEXTA ORA\u00c7\u00c3O &#8211; 08H QUARTA-FEIRA WORKSHOP: LIDERAN\u00c7A &#8211; 19H30 DOMINGO [&hellip;]","og_url":"https:\/\/adviva.com.br\/viva\/agenda\/","og_site_name":"Igreja AD VIVA","article_modified_time":"2025-11-25T13:31:23+00:00","twitter_card":"summary_large_image","twitter_misc":{"Est. tempo de leitura":"1 minuto"},"schema":{"@context":"https:\/\/schema.org","@graph":[{"@type":"WebPage","@id":"https:\/\/adviva.com.br\/viva\/agenda\/","url":"https:\/\/adviva.com.br\/viva\/agenda\/","name":"Agenda - Igreja AD VIVA","isPartOf":{"@id":"https:\/\/adviva.com.br\/viva\/#website"},"datePublished":"2024-04-12T21:48:03+00:00","dateModified":"2025-11-25T13:31:23+00:00","breadcrumb":{"@id":"https:\/\/adviva.com.br\/viva\/agenda\/#breadcrumb"},"inLanguage":"pt-BR","potentialAction":[{"@type":"ReadAction","target":["https:\/\/adviva.com.br\/viva\/agenda\/"]}]},{"@type":"BreadcrumbList","@id":"https:\/\/adviva.com.br\/viva\/agenda\/#breadcrumb","itemListElement":[{"@type":"ListItem","position":1,"name":"In\u00edcio","item":"https:\/\/adviva.com.br\/viva\/"},{"@type":"ListItem","position":2,"name":"Agenda"}]},{"@type":"WebSite","@id":"https:\/\/adviva.com.br\/viva\/#website","url":"https:\/\/adviva.com.br\/viva\/","name":"Igreja AD VIVA","description":"Bem-vindo a sua casa","publisher":{"@id":"https:\/\/adviva.com.br\/viva\/#organization"},"potentialAction":[{"@type":"SearchAction","target":{"@type":"EntryPoint","urlTemplate":"https:\/\/adviva.com.br\/viva\/?s={search_term_string}"},"query-input":{"@type":"PropertyValueSpecification","valueRequired":true,"valueName":"search_term_string"}}],"inLanguage":"pt-BR"},{"@type":"Organization","@id":"https:\/\/adviva.com.br\/viva\/#organization","name":"Igreja AD VIVA","url":"https:\/\/adviva.com.br\/viva\/","logo":{"@type":"ImageObject","inLanguage":"pt-BR","@id":"https:\/\/adviva.com.br\/viva\/#\/schema\/logo\/image\/","url":"https:\/\/adviva.com.br\/viva\/wp-content\/uploads\/2024\/04\/Logo-site-branca.png","contentUrl":"https:\/\/adviva.com.br\/viva\/wp-content\/uploads\/2024\/04\/Logo-site-branca.png","width":327,"height":290,"caption":"Igreja AD VIVA"},"image":{"@id":"https:\/\/adviva.com.br\/viva\/#\/schema\/logo\/image\/"}}]}},"_links":{"self":[{"href":"https:\/\/adviva.com.br\/viva\/wp-json\/wp\/v2\/pages\/891","targetHints":{"allow":["GET"]}}],"collection":[{"href":"https:\/\/adviva.com.br\/viva\/wp-json\/wp\/v2\/pages"}],"about":[{"href":"https:\/\/adviva.com.br\/viva\/wp-json\/wp\/v2\/types\/page"}],"author":[{"embeddable":true,"href":"https:\/\/adviva.com.br\/viva\/wp-json\/wp\/v2\/users\/1"}],"replies":[{"embeddable":true,"href":"https:\/\/adviva.com.br\/viva\/wp-json\/wp\/v2\/comments?post=891"}],"version-history":[{"count":49,"href":"https:\/\/adviva.com.br\/viva\/wp-json\/wp\/v2\/pages\/891\/revisions"}],"predecessor-version":[{"id":2890,"href":"https:\/\/adviva.com.br\/viva\/wp-json\/wp\/v2\/pages\/891\/revisions\/2890"}],"wp:attachment":[{"href":"https:\/\/adviva.com.br\/viva\/wp-json\/wp\/v2\/media?parent=891"}],"curies":[{"name":"wp","href":"https:\/\/api.w.org\/{rel}","templated":true}]}}