{"id":976,"date":"2024-04-12T22:29:13","date_gmt":"2024-04-12T22:29:13","guid":{"rendered":"https:\/\/adviva.com.br\/viva\/?page_id=976"},"modified":"2025-07-10T23:45:28","modified_gmt":"2025-07-10T23:45:28","slug":"contribua","status":"publish","type":"page","link":"https:\/\/adviva.com.br\/viva\/contribua\/","title":{"rendered":"Contribua"},"content":{"rendered":"\t\t<div data-elementor-type=\"wp-page\" data-elementor-id=\"976\" class=\"elementor elementor-976\" data-elementor-post-type=\"page\">\n\t\t\t\t<div class=\"elementor-element elementor-element-44747644 e-flex e-con-boxed e-con e-parent\" data-id=\"44747644\" data-element_type=\"container\" data-settings=\"{&quot;background_background&quot;:&quot;classic&quot;}\">\n\t\t\t\t\t<div class=\"e-con-inner\">\n\t\t<div class=\"elementor-element elementor-element-5e387d8a e-flex e-con-boxed e-con e-child\" data-id=\"5e387d8a\" data-element_type=\"container\">\n\t\t\t\t\t<div class=\"e-con-inner\">\n\t\t\t\t<div class=\"elementor-element elementor-element-1fc3afa2 elementor-invisible elementor-widget elementor-widget-heading\" data-id=\"1fc3afa2\" data-element_type=\"widget\" data-settings=\"{&quot;_animation&quot;:&quot;fadeInUp&quot;}\" data-widget_type=\"heading.default\">\n\t\t\t\t<div class=\"elementor-widget-container\">\n\t\t\t\t\t<h1 class=\"elementor-heading-title elementor-size-default\">Contribua<\/h1>\t\t\t\t<\/div>\n\t\t\t\t<\/div>\n\t\t\t\t\t<\/div>\n\t\t\t\t<\/div>\n\t\t\t\t\t<\/div>\n\t\t\t\t<\/div>\n\t\t<div class=\"elementor-element elementor-element-d1430bf e-grid e-con-boxed e-con e-parent\" data-id=\"d1430bf\" data-element_type=\"container\">\n\t\t\t\t\t<div class=\"e-con-inner\">\n\t\t\t\t<div class=\"elementor-element elementor-element-674e122 elementor-widget__width-inherit elementor-widget elementor-widget-text-editor\" data-id=\"674e122\" data-element_type=\"widget\" data-widget_type=\"text-editor.default\">\n\t\t\t\t<div class=\"elementor-widget-container\">\n\t\t\t\t\t\t\t\t\t<p data-start=\"646\" data-end=\"751\"><strong data-start=\"646\" data-end=\"693\">Contribuir \u00e9 um ato de adora\u00e7\u00e3o e gratid\u00e3o.<\/strong><br data-start=\"693\" data-end=\"696\" \/>Seja parte do que Deus est\u00e1 fazendo atrav\u00e9s da AD Viva.<\/p><p data-start=\"753\" data-end=\"853\">Abaixo, voc\u00ea encontra as informa\u00e7\u00f5es e formas dispon\u00edveis para contribuir de forma pr\u00e1tica e segura.<\/p><p data-start=\"855\" data-end=\"887\"><strong data-start=\"855\" data-end=\"887\">Obrigado por semear conosco.<\/strong><\/p>\t\t\t\t\t\t\t\t<\/div>\n\t\t\t\t<\/div>\n\t\t<div class=\"elementor-element elementor-element-18d4175 e-con-full e-flex e-con e-child\" data-id=\"18d4175\" data-element_type=\"container\">\n\t\t\t\t<div class=\"elementor-element elementor-element-21a1d4b elementor-widget elementor-widget-image\" data-id=\"21a1d4b\" data-element_type=\"widget\" data-widget_type=\"image.default\">\n\t\t\t\t<div class=\"elementor-widget-container\">\n\t\t\t\t\t\t\t\t\t\t\t\t\t\t\t<img decoding=\"async\" src=\"https:\/\/adviva.com.br\/viva\/wp-content\/uploads\/elementor\/thumbs\/QR-Code-PIX-AD-Viva-r800c5mytcesu73l8ps7sbch5m9xmycdaatrbiph3c.png\" title=\"QR-Code-PIX-AD-Viva.png\" alt=\"QR-Code-PIX-AD-Viva.png\" loading=\"lazy\" \/>\t\t\t\t\t\t\t\t\t\t\t\t\t\t\t<\/div>\n\t\t\t\t<\/div>\n\t\t\t\t<div class=\"elementor-element elementor-element-7e810a8 elementor-widget elementor-widget-heading\" data-id=\"7e810a8\" data-element_type=\"widget\" data-widget_type=\"heading.default\">\n\t\t\t\t<div class=\"elementor-widget-container\">\n\t\t\t\t\t<h2 class=\"elementor-heading-title elementor-size-default\">PIX: 00.097.899\/0022-37<\/h2>\t\t\t\t<\/div>\n\t\t\t\t<\/div>\n\t\t\t\t<div class=\"elementor-element elementor-element-4a1d042 elementor-widget elementor-widget-heading\" data-id=\"4a1d042\" data-element_type=\"widget\" data-widget_type=\"heading.default\">\n\t\t\t\t<div class=\"elementor-widget-container\">\n\t\t\t\t\t<h2 class=\"elementor-heading-title elementor-size-default\">ASSEMBLEIA DE DEUS<\/h2>\t\t\t\t<\/div>\n\t\t\t\t<\/div>\n\t\t\t\t<div class=\"elementor-element elementor-element-0c10aa7 elementor-hidden-desktop elementor-hidden-tablet elementor-hidden-mobile elementor-widget elementor-widget-html\" data-id=\"0c10aa7\" data-element_type=\"widget\" data-widget_type=\"html.default\">\n\t\t\t\t<div class=\"elementor-widget-container\">\n\t\t\t\t\t<html>\n    <style>\n    #Pcupom{\n        background-color: #FFBA3F;\n        color:#000;\n        border-radius: 6px;\n        box-shadow: 0px 0px 1px 1px #FFBA3F;\n        border:none;\n        width: 70%;\n        z-index: 1;\n        transition: ease-in-out .1s;\n        text-align: center;\n    }\n    \n     #Pcupom:hover {\n        box-shadow:0px 0px 3px 3px #5457A5;\n     \n    }\n\n    #inputC{\n        width: 0%;\n        border: 1px solid #f5f5f4;\n        text-align: center;\n        color: #fff;\n        color:#000;\n        outline: none;\n        display: none;\n    }\n    #cContainer{\n        display: grid;\n        grid-template-columns: 100% 0%;\n    }\n\n        \n    <\/style>\n    \n   <div id=\"cContainer\">\n    <button id=\"Pcupom\">COPIAR CHAVE PIX <\/button>\n    <input type=\"text\" value=\"00.097.899\/0022-37\" id=\"inputC\" disabled=\"disabled\">\n   \n    \n    <\/div>\n    <script>\n    \/\/Douglas Guerra\n    \n     document.querySelector(\"#inputC\")\n      document.querySelector(\"#Pcupom\").addEventListener(\"click\", ()=>{\n         \n        \/\/   tire as 2 barrinhas para que o c\u00f3digo seja lido e o audio interpretado\n        \/\/   var audio = new Audio();\n        \/\/   audio.src=\"aqui entra o audio da biblio do wp\";\n        \/\/   audio.play();\n         \n         navigator.clipboard.writeText(document.querySelector(\"#inputC\").value);\n        \n             setTimeout(()=>{\n                         alert(\"Copiado com sucesso! Que Deus retribua 100 vezes mais.\");\n             },500)\n           document.querySelector(\"#inputC\").style.backgroundColor=\"transparent\";\n           document.querySelector(\"#inputC\").style.color=\"#292827\";\n   \n       });\n      \n      \n      \n    \n        \n    <\/script>\n<\/html>\t\t\t\t<\/div>\n\t\t\t\t<\/div>\n\t\t\t\t<\/div>\n\t\t\t\t\t<\/div>\n\t\t\t\t<\/div>\n\t\t<div class=\"elementor-element elementor-element-b9487c6 e-grid e-con-full e-con e-child\" data-id=\"b9487c6\" data-element_type=\"container\" data-settings=\"{&quot;background_background&quot;:&quot;slideshow&quot;,&quot;background_slideshow_gallery&quot;:[],&quot;background_slideshow_loop&quot;:&quot;yes&quot;,&quot;background_slideshow_slide_duration&quot;:5000,&quot;background_slideshow_slide_transition&quot;:&quot;fade&quot;,&quot;background_slideshow_transition_duration&quot;:500}\">\n\t\t\t\t<div class=\"elementor-element elementor-element-060d4ba elementor-widget elementor-widget-image\" data-id=\"060d4ba\" data-element_type=\"widget\" data-widget_type=\"image.default\">\n\t\t\t\t<div class=\"elementor-widget-container\">\n\t\t\t\t\t\t\t\t\t\t\t\t\t\t\t<img fetchpriority=\"high\" decoding=\"async\" width=\"1024\" height=\"683\" src=\"https:\/\/adviva.com.br\/viva\/wp-content\/uploads\/2024\/04\/0Z5A9523-1024x683.jpg\" class=\"attachment-large size-large wp-image-1003\" alt=\"\" srcset=\"https:\/\/adviva.com.br\/viva\/wp-content\/uploads\/2024\/04\/0Z5A9523-1024x683.jpg 1024w, https:\/\/adviva.com.br\/viva\/wp-content\/uploads\/2024\/04\/0Z5A9523-300x200.jpg 300w, https:\/\/adviva.com.br\/viva\/wp-content\/uploads\/2024\/04\/0Z5A9523-768x512.jpg 768w, https:\/\/adviva.com.br\/viva\/wp-content\/uploads\/2024\/04\/0Z5A9523-1536x1024.jpg 1536w, https:\/\/adviva.com.br\/viva\/wp-content\/uploads\/2024\/04\/0Z5A9523-2048x1365.jpg 2048w\" sizes=\"(max-width: 1024px) 100vw, 1024px\" \/>\t\t\t\t\t\t\t\t\t\t\t\t\t\t\t<\/div>\n\t\t\t\t<\/div>\n\t\t\t\t<div class=\"elementor-element elementor-element-b609b01 elementor-widget elementor-widget-image\" data-id=\"b609b01\" data-element_type=\"widget\" data-widget_type=\"image.default\">\n\t\t\t\t<div class=\"elementor-widget-container\">\n\t\t\t\t\t\t\t\t\t\t\t\t\t\t\t<img decoding=\"async\" width=\"1024\" height=\"683\" src=\"https:\/\/adviva.com.br\/viva\/wp-content\/uploads\/2024\/04\/0Z5A9494-1024x683.jpg\" class=\"attachment-large size-large wp-image-1043\" alt=\"\" srcset=\"https:\/\/adviva.com.br\/viva\/wp-content\/uploads\/2024\/04\/0Z5A9494-1024x683.jpg 1024w, https:\/\/adviva.com.br\/viva\/wp-content\/uploads\/2024\/04\/0Z5A9494-300x200.jpg 300w, https:\/\/adviva.com.br\/viva\/wp-content\/uploads\/2024\/04\/0Z5A9494-768x512.jpg 768w, https:\/\/adviva.com.br\/viva\/wp-content\/uploads\/2024\/04\/0Z5A9494-1536x1024.jpg 1536w, https:\/\/adviva.com.br\/viva\/wp-content\/uploads\/2024\/04\/0Z5A9494-2048x1365.jpg 2048w\" sizes=\"(max-width: 1024px) 100vw, 1024px\" \/>\t\t\t\t\t\t\t\t\t\t\t\t\t\t\t<\/div>\n\t\t\t\t<\/div>\n\t\t\t\t<div class=\"elementor-element elementor-element-8dc4967 elementor-widget elementor-widget-image\" data-id=\"8dc4967\" data-element_type=\"widget\" data-widget_type=\"image.default\">\n\t\t\t\t<div class=\"elementor-widget-container\">\n\t\t\t\t\t\t\t\t\t\t\t\t\t\t\t<img decoding=\"async\" width=\"1024\" height=\"683\" src=\"https:\/\/adviva.com.br\/viva\/wp-content\/uploads\/2025\/06\/IMG_6433-1024x683.jpg\" class=\"attachment-large size-large wp-image-1780\" alt=\"\" srcset=\"https:\/\/adviva.com.br\/viva\/wp-content\/uploads\/2025\/06\/IMG_6433-1024x683.jpg 1024w, https:\/\/adviva.com.br\/viva\/wp-content\/uploads\/2025\/06\/IMG_6433-300x200.jpg 300w, https:\/\/adviva.com.br\/viva\/wp-content\/uploads\/2025\/06\/IMG_6433-768x512.jpg 768w, https:\/\/adviva.com.br\/viva\/wp-content\/uploads\/2025\/06\/IMG_6433-1536x1024.jpg 1536w, https:\/\/adviva.com.br\/viva\/wp-content\/uploads\/2025\/06\/IMG_6433-2048x1365.jpg 2048w\" sizes=\"(max-width: 1024px) 100vw, 1024px\" \/>\t\t\t\t\t\t\t\t\t\t\t\t\t\t\t<\/div>\n\t\t\t\t<\/div>\n\t\t\t\t<div class=\"elementor-element elementor-element-dce12fc elementor-widget elementor-widget-image\" data-id=\"dce12fc\" data-element_type=\"widget\" data-widget_type=\"image.default\">\n\t\t\t\t<div class=\"elementor-widget-container\">\n\t\t\t\t\t\t\t\t\t\t\t\t\t\t\t<img loading=\"lazy\" decoding=\"async\" width=\"3000\" height=\"1688\" src=\"https:\/\/adviva.com.br\/viva\/wp-content\/uploads\/2024\/04\/Sede-AD-Viva-site.png\" class=\"attachment-full size-full wp-image-987\" alt=\"\" srcset=\"https:\/\/adviva.com.br\/viva\/wp-content\/uploads\/2024\/04\/Sede-AD-Viva-site.png 3000w, https:\/\/adviva.com.br\/viva\/wp-content\/uploads\/2024\/04\/Sede-AD-Viva-site-300x169.png 300w, https:\/\/adviva.com.br\/viva\/wp-content\/uploads\/2024\/04\/Sede-AD-Viva-site-1024x576.png 1024w, https:\/\/adviva.com.br\/viva\/wp-content\/uploads\/2024\/04\/Sede-AD-Viva-site-768x432.png 768w, https:\/\/adviva.com.br\/viva\/wp-content\/uploads\/2024\/04\/Sede-AD-Viva-site-1536x864.png 1536w, https:\/\/adviva.com.br\/viva\/wp-content\/uploads\/2024\/04\/Sede-AD-Viva-site-2048x1152.png 2048w\" sizes=\"(max-width: 3000px) 100vw, 3000px\" \/>\t\t\t\t\t\t\t\t\t\t\t\t\t\t\t<\/div>\n\t\t\t\t<\/div>\n\t\t\t\t<\/div>\n\t\t\t\t<\/div>\n\t\t","protected":false},"excerpt":{"rendered":"<p>Contribuir \u00e9 um ato de adora\u00e7\u00e3o e gratid\u00e3o.Seja parte do que Deus est\u00e1 fazendo atrav\u00e9s da AD Viva. Abaixo, voc\u00ea [&hellip;]<\/p>\n","protected":false},"author":1,"featured_media":0,"parent":0,"menu_order":0,"comment_status":"closed","ping_status":"closed","template":"elementor_header_footer","meta":{"_acf_changed":false,"site-sidebar-layout":"no-sidebar","site-content-layout":"","ast-site-content-layout":"full-width-container","site-content-style":"default","site-sidebar-style":"default","ast-global-header-display":"","ast-banner-title-visibility":"","ast-main-header-display":"","ast-hfb-above-header-display":"","ast-hfb-below-header-display":"","ast-hfb-mobile-header-display":"","site-post-title":"disabled","ast-breadcrumbs-content":"","ast-featured-img":"disabled","footer-sml-layout":"","theme-transparent-header-meta":"","adv-header-id-meta":"","stick-header-meta":"","header-above-stick-meta":"","header-main-stick-meta":"","header-below-stick-meta":"","astra-migrate-meta-layouts":"default","ast-page-background-enabled":"default","ast-page-background-meta":{"desktop":{"background-color":"var(--ast-global-color-4)","background-image":"","background-repeat":"repeat","background-position":"center center","background-size":"auto","background-attachment":"scroll","background-type":"","background-media":"","overlay-type":"","overlay-color":"","overlay-opacity":"","overlay-gradient":""},"tablet":{"background-color":"","background-image":"","background-repeat":"repeat","background-position":"center center","background-size":"auto","background-attachment":"scroll","background-type":"","background-media":"","overlay-type":"","overlay-color":"","overlay-opacity":"","overlay-gradient":""},"mobile":{"background-color":"","background-image":"","background-repeat":"repeat","background-position":"center center","background-size":"auto","background-attachment":"scroll","background-type":"","background-media":"","overlay-type":"","overlay-color":"","overlay-opacity":"","overlay-gradient":""}},"ast-content-background-meta":{"desktop":{"background-color":"var(--ast-global-color-5)","background-image":"","background-repeat":"repeat","background-position":"center center","background-size":"auto","background-attachment":"scroll","background-type":"","background-media":"","overlay-type":"","overlay-color":"","overlay-opacity":"","overlay-gradient":""},"tablet":{"background-color":"var(--ast-global-color-5)","background-image":"","background-repeat":"repeat","background-position":"center center","background-size":"auto","background-attachment":"scroll","background-type":"","background-media":"","overlay-type":"","overlay-color":"","overlay-opacity":"","overlay-gradient":""},"mobile":{"background-color":"var(--ast-global-color-5)","background-image":"","background-repeat":"repeat","background-position":"center center","background-size":"auto","background-attachment":"scroll","background-type":"","background-media":"","overlay-type":"","overlay-color":"","overlay-opacity":"","overlay-gradient":""}},"footnotes":""},"class_list":["post-976","page","type-page","status-publish","hentry"],"acf":[],"yoast_head":"<!-- This site is optimized with the Yoast SEO plugin v25.3.1 - https:\/\/yoast.com\/wordpress\/plugins\/seo\/ -->\n<title>Contribua - Igreja AD VIVA<\/title>\n<meta name=\"robots\" content=\"index, follow, max-snippet:-1, max-image-preview:large, max-video-preview:-1\" \/>\n<link rel=\"canonical\" href=\"https:\/\/adviva.com.br\/viva\/contribua\/\" \/>\n<meta property=\"og:locale\" content=\"pt_BR\" \/>\n<meta property=\"og:type\" content=\"article\" \/>\n<meta property=\"og:title\" content=\"Contribua - Igreja AD VIVA\" \/>\n<meta property=\"og:description\" content=\"Contribuir \u00e9 um ato de adora\u00e7\u00e3o e gratid\u00e3o.Seja parte do que Deus est\u00e1 fazendo atrav\u00e9s da AD Viva. Abaixo, voc\u00ea [&hellip;]\" \/>\n<meta property=\"og:url\" content=\"https:\/\/adviva.com.br\/viva\/contribua\/\" \/>\n<meta property=\"og:site_name\" content=\"Igreja AD VIVA\" \/>\n<meta property=\"article:modified_time\" content=\"2025-07-10T23:45:28+00:00\" \/>\n<meta property=\"og:image\" content=\"http:\/\/adviva.com.br\/viva\/wp-content\/uploads\/elementor\/thumbs\/QR-Code-PIX-AD-Viva-r800c5mytcesu73l8ps7sbch5m9xmycdaatrbiph3m.png\" \/>\n<meta name=\"twitter:card\" content=\"summary_large_image\" \/>\n<meta name=\"twitter:label1\" content=\"Est. tempo de leitura\" \/>\n\t<meta name=\"twitter:data1\" content=\"2 minutos\" \/>\n<script type=\"application\/ld+json\" class=\"yoast-schema-graph\">{\"@context\":\"https:\/\/schema.org\",\"@graph\":[{\"@type\":\"WebPage\",\"@id\":\"https:\/\/adviva.com.br\/viva\/contribua\/\",\"url\":\"https:\/\/adviva.com.br\/viva\/contribua\/\",\"name\":\"Contribua - Igreja AD VIVA\",\"isPartOf\":{\"@id\":\"https:\/\/adviva.com.br\/viva\/#website\"},\"primaryImageOfPage\":{\"@id\":\"https:\/\/adviva.com.br\/viva\/contribua\/#primaryimage\"},\"image\":{\"@id\":\"https:\/\/adviva.com.br\/viva\/contribua\/#primaryimage\"},\"thumbnailUrl\":\"http:\/\/adviva.com.br\/viva\/wp-content\/uploads\/elementor\/thumbs\/QR-Code-PIX-AD-Viva-r800c5mytcesu73l8ps7sbch5m9xmycdaatrbiph3m.png\",\"datePublished\":\"2024-04-12T22:29:13+00:00\",\"dateModified\":\"2025-07-10T23:45:28+00:00\",\"breadcrumb\":{\"@id\":\"https:\/\/adviva.com.br\/viva\/contribua\/#breadcrumb\"},\"inLanguage\":\"pt-BR\",\"potentialAction\":[{\"@type\":\"ReadAction\",\"target\":[\"https:\/\/adviva.com.br\/viva\/contribua\/\"]}]},{\"@type\":\"ImageObject\",\"inLanguage\":\"pt-BR\",\"@id\":\"https:\/\/adviva.com.br\/viva\/contribua\/#primaryimage\",\"url\":\"http:\/\/adviva.com.br\/viva\/wp-content\/uploads\/elementor\/thumbs\/QR-Code-PIX-AD-Viva-r800c5mytcesu73l8ps7sbch5m9xmycdaatrbiph3m.png\",\"contentUrl\":\"http:\/\/adviva.com.br\/viva\/wp-content\/uploads\/elementor\/thumbs\/QR-Code-PIX-AD-Viva-r800c5mytcesu73l8ps7sbch5m9xmycdaatrbiph3m.png\"},{\"@type\":\"BreadcrumbList\",\"@id\":\"https:\/\/adviva.com.br\/viva\/contribua\/#breadcrumb\",\"itemListElement\":[{\"@type\":\"ListItem\",\"position\":1,\"name\":\"In\u00edcio\",\"item\":\"https:\/\/adviva.com.br\/viva\/\"},{\"@type\":\"ListItem\",\"position\":2,\"name\":\"Contribua\"}]},{\"@type\":\"WebSite\",\"@id\":\"https:\/\/adviva.com.br\/viva\/#website\",\"url\":\"https:\/\/adviva.com.br\/viva\/\",\"name\":\"Igreja AD VIVA\",\"description\":\"Bem-vindo a sua casa\",\"publisher\":{\"@id\":\"https:\/\/adviva.com.br\/viva\/#organization\"},\"potentialAction\":[{\"@type\":\"SearchAction\",\"target\":{\"@type\":\"EntryPoint\",\"urlTemplate\":\"https:\/\/adviva.com.br\/viva\/?s={search_term_string}\"},\"query-input\":{\"@type\":\"PropertyValueSpecification\",\"valueRequired\":true,\"valueName\":\"search_term_string\"}}],\"inLanguage\":\"pt-BR\"},{\"@type\":\"Organization\",\"@id\":\"https:\/\/adviva.com.br\/viva\/#organization\",\"name\":\"Igreja AD VIVA\",\"url\":\"https:\/\/adviva.com.br\/viva\/\",\"logo\":{\"@type\":\"ImageObject\",\"inLanguage\":\"pt-BR\",\"@id\":\"https:\/\/adviva.com.br\/viva\/#\/schema\/logo\/image\/\",\"url\":\"https:\/\/adviva.com.br\/viva\/wp-content\/uploads\/2024\/04\/Logo-site-branca.png\",\"contentUrl\":\"https:\/\/adviva.com.br\/viva\/wp-content\/uploads\/2024\/04\/Logo-site-branca.png\",\"width\":327,\"height\":290,\"caption\":\"Igreja AD VIVA\"},\"image\":{\"@id\":\"https:\/\/adviva.com.br\/viva\/#\/schema\/logo\/image\/\"}}]}<\/script>\n<!-- \/ Yoast SEO plugin. -->","yoast_head_json":{"title":"Contribua - Igreja AD VIVA","robots":{"index":"index","follow":"follow","max-snippet":"max-snippet:-1","max-image-preview":"max-image-preview:large","max-video-preview":"max-video-preview:-1"},"canonical":"https:\/\/adviva.com.br\/viva\/contribua\/","og_locale":"pt_BR","og_type":"article","og_title":"Contribua - Igreja AD VIVA","og_description":"Contribuir \u00e9 um ato de adora\u00e7\u00e3o e gratid\u00e3o.Seja parte do que Deus est\u00e1 fazendo atrav\u00e9s da AD Viva. Abaixo, voc\u00ea [&hellip;]","og_url":"https:\/\/adviva.com.br\/viva\/contribua\/","og_site_name":"Igreja AD VIVA","article_modified_time":"2025-07-10T23:45:28+00:00","og_image":[{"url":"http:\/\/adviva.com.br\/viva\/wp-content\/uploads\/elementor\/thumbs\/QR-Code-PIX-AD-Viva-r800c5mytcesu73l8ps7sbch5m9xmycdaatrbiph3m.png","type":"","width":"","height":""}],"twitter_card":"summary_large_image","twitter_misc":{"Est. tempo de leitura":"2 minutos"},"schema":{"@context":"https:\/\/schema.org","@graph":[{"@type":"WebPage","@id":"https:\/\/adviva.com.br\/viva\/contribua\/","url":"https:\/\/adviva.com.br\/viva\/contribua\/","name":"Contribua - Igreja AD VIVA","isPartOf":{"@id":"https:\/\/adviva.com.br\/viva\/#website"},"primaryImageOfPage":{"@id":"https:\/\/adviva.com.br\/viva\/contribua\/#primaryimage"},"image":{"@id":"https:\/\/adviva.com.br\/viva\/contribua\/#primaryimage"},"thumbnailUrl":"http:\/\/adviva.com.br\/viva\/wp-content\/uploads\/elementor\/thumbs\/QR-Code-PIX-AD-Viva-r800c5mytcesu73l8ps7sbch5m9xmycdaatrbiph3m.png","datePublished":"2024-04-12T22:29:13+00:00","dateModified":"2025-07-10T23:45:28+00:00","breadcrumb":{"@id":"https:\/\/adviva.com.br\/viva\/contribua\/#breadcrumb"},"inLanguage":"pt-BR","potentialAction":[{"@type":"ReadAction","target":["https:\/\/adviva.com.br\/viva\/contribua\/"]}]},{"@type":"ImageObject","inLanguage":"pt-BR","@id":"https:\/\/adviva.com.br\/viva\/contribua\/#primaryimage","url":"http:\/\/adviva.com.br\/viva\/wp-content\/uploads\/elementor\/thumbs\/QR-Code-PIX-AD-Viva-r800c5mytcesu73l8ps7sbch5m9xmycdaatrbiph3m.png","contentUrl":"http:\/\/adviva.com.br\/viva\/wp-content\/uploads\/elementor\/thumbs\/QR-Code-PIX-AD-Viva-r800c5mytcesu73l8ps7sbch5m9xmycdaatrbiph3m.png"},{"@type":"BreadcrumbList","@id":"https:\/\/adviva.com.br\/viva\/contribua\/#breadcrumb","itemListElement":[{"@type":"ListItem","position":1,"name":"In\u00edcio","item":"https:\/\/adviva.com.br\/viva\/"},{"@type":"ListItem","position":2,"name":"Contribua"}]},{"@type":"WebSite","@id":"https:\/\/adviva.com.br\/viva\/#website","url":"https:\/\/adviva.com.br\/viva\/","name":"Igreja AD VIVA","description":"Bem-vindo a sua casa","publisher":{"@id":"https:\/\/adviva.com.br\/viva\/#organization"},"potentialAction":[{"@type":"SearchAction","target":{"@type":"EntryPoint","urlTemplate":"https:\/\/adviva.com.br\/viva\/?s={search_term_string}"},"query-input":{"@type":"PropertyValueSpecification","valueRequired":true,"valueName":"search_term_string"}}],"inLanguage":"pt-BR"},{"@type":"Organization","@id":"https:\/\/adviva.com.br\/viva\/#organization","name":"Igreja AD VIVA","url":"https:\/\/adviva.com.br\/viva\/","logo":{"@type":"ImageObject","inLanguage":"pt-BR","@id":"https:\/\/adviva.com.br\/viva\/#\/schema\/logo\/image\/","url":"https:\/\/adviva.com.br\/viva\/wp-content\/uploads\/2024\/04\/Logo-site-branca.png","contentUrl":"https:\/\/adviva.com.br\/viva\/wp-content\/uploads\/2024\/04\/Logo-site-branca.png","width":327,"height":290,"caption":"Igreja AD VIVA"},"image":{"@id":"https:\/\/adviva.com.br\/viva\/#\/schema\/logo\/image\/"}}]}},"_links":{"self":[{"href":"https:\/\/adviva.com.br\/viva\/wp-json\/wp\/v2\/pages\/976","targetHints":{"allow":["GET"]}}],"collection":[{"href":"https:\/\/adviva.com.br\/viva\/wp-json\/wp\/v2\/pages"}],"about":[{"href":"https:\/\/adviva.com.br\/viva\/wp-json\/wp\/v2\/types\/page"}],"author":[{"embeddable":true,"href":"https:\/\/adviva.com.br\/viva\/wp-json\/wp\/v2\/users\/1"}],"replies":[{"embeddable":true,"href":"https:\/\/adviva.com.br\/viva\/wp-json\/wp\/v2\/comments?post=976"}],"version-history":[{"count":16,"href":"https:\/\/adviva.com.br\/viva\/wp-json\/wp\/v2\/pages\/976\/revisions"}],"predecessor-version":[{"id":2140,"href":"https:\/\/adviva.com.br\/viva\/wp-json\/wp\/v2\/pages\/976\/revisions\/2140"}],"wp:attachment":[{"href":"https:\/\/adviva.com.br\/viva\/wp-json\/wp\/v2\/media?parent=976"}],"curies":[{"name":"wp","href":"https:\/\/api.w.org\/{rel}","templated":true}]}}